{"id":3763,"date":"2022-12-19T14:39:57","date_gmt":"2022-12-19T13:39:57","guid":{"rendered":"https:\/\/www.centre-mersenne.org\/summary-of-dissemination-policies\/"},"modified":"2023-02-01T15:16:30","modified_gmt":"2023-02-01T14:16:30","slug":"summary-of-dissemination-policies","status":"publish","type":"page","link":"https:\/\/www.centre-mersenne.org\/en\/summary-of-dissemination-policies\/","title":{"rendered":"Summary of dissemination policies"},"content":{"rendered":"\t\t<div data-elementor-type=\"wp-page\" data-elementor-id=\"3763\" class=\"elementor elementor-3763 elementor-2697\" data-elementor-post-type=\"page\">\n\t\t\t\t\t\t<section class=\"elementor-section elementor-top-section elementor-element elementor-element-d788981 elementor-section-boxed elementor-section-height-default elementor-section-height-default\" data-id=\"d788981\" data-element_type=\"section\" data-e-type=\"section\" data-settings=\"{&quot;background_background&quot;:&quot;classic&quot;}\">\n\t\t\t\t\t\t<div class=\"elementor-container elementor-column-gap-default\">\n\t\t\t\t\t<div class=\"elementor-column elementor-col-100 elementor-top-column elementor-element elementor-element-6c4f3d9d\" data-id=\"6c4f3d9d\" data-element_type=\"column\" data-e-type=\"column\" data-settings=\"{&quot;background_background&quot;:&quot;classic&quot;}\">\n\t\t\t<div class=\"elementor-widget-wrap elementor-element-populated\">\n\t\t\t\t\t\t<div class=\"elementor-element elementor-element-3fd0c116 elementor-widget elementor-widget-text-editor\" data-id=\"3fd0c116\" data-element_type=\"widget\" data-e-type=\"widget\" data-widget_type=\"text-editor.default\">\n\t\t\t\t<div class=\"elementor-widget-container\">\n\t\t\t\t\t\t\t\t\t<p><\/p>\n<div class=\"wp-block-columns\">\n<p><\/p>\n<div class=\"wp-block-column\">\n<p><\/p>\n<p>The table below provides quick access to the different dissemination policies of the journals hosted by the centre Mersenne.<\/p>\n<p><\/p>\n<p><\/p>\n<figure class=\"wp-block-table\">\n<table class=\"has-fixed-layout\">\n<thead>\n<tr>\n<th>Title<\/th>\n<th>Dissemination policy<\/th>\n<\/tr>\n<\/thead>\n<tbody>\n<tr>\n<td>Algebraic combinatorics<\/td>\n<td><a href=\"https:\/\/reseau-mirabel.info\/titre\/publication\/8346\">https:\/\/reseau-mirabel.info\/titre\/publication\/8346<\/a><\/td>\n<\/tr>\n<tr>\n<td>Annales de la Facult\u00e9 des sciences de Toulouse<\/td>\n<td><a href=\"https:\/\/reseau-mirabel.info\/titre\/publication\/5493\" target=\"_blank\" rel=\"noreferrer noopener\">https:\/\/reseau-mirabel.info\/titre\/publication\/5493<\/a><\/td>\n<\/tr>\n<tr>\n<td>Annales de l&#8217;Institut Fourier<\/td>\n<td><a href=\"https:\/\/reseau-mirabel.info\/titre\/publication\/5386\" target=\"_blank\" rel=\"noreferrer noopener\">https:\/\/reseau-mirabel.info\/titre\/publication\/5386<\/a><\/td>\n<\/tr>\n<tr>\n<td>Annales Henri Lebesgue<\/td>\n<td><a href=\"https:\/\/reseau-mirabel.info\/titre\/publication\/8347\" target=\"_blank\" rel=\"noreferrer noopener\">https:\/\/reseau-mirabel.info\/titre\/publication\/8347<\/a><\/td>\n<\/tr>\n<tr>\n<td>Annales math\u00e9matiques Blaise Pascal<\/td>\n<td><a href=\"https:\/\/reseau-mirabel.info\/titre\/publication\/5759\" target=\"_blank\" rel=\"noreferrer noopener\">https:\/\/reseau-mirabel.info\/titre\/publication\/5759<\/a><\/td>\n<\/tr>\n<tr>\n<td>Comptes rendus. Biologies<\/td>\n<td><a href=\"https:\/\/reseau-mirabel.info\/titre\/publication\/5465\">https:\/\/reseau-mirabel.info\/titre\/publicati<\/a><a href=\"https:\/\/reseau-mirabel.info\/titre\/publication\/5465\" target=\"_blank\" rel=\"noreferrer noopener\">o<\/a><a href=\"https:\/\/reseau-mirabel.info\/titre\/publication\/5465\">n\/5465<\/a><\/td>\n<\/tr>\n<tr>\n<td>Comptes rendus. Chimie<\/td>\n<td><a href=\"https:\/\/reseau-mirabel.info\/titre\/publication\/5464\" target=\"_blank\" rel=\"noreferrer noopener\">https:\/\/reseau-mirabel.info\/titre\/publication\/5464<\/a><\/td>\n<\/tr>\n<tr>\n<td>Comptes rendus. G\u00e9oscience<\/td>\n<td><a href=\"https:\/\/reseau-mirabel.info\/titre\/publication\/5466\" target=\"_blank\" rel=\"noreferrer noopener\">https:\/\/reseau-mirabel.info\/titre\/publication\/5466<\/a><\/td>\n<\/tr>\n<tr>\n<td>Comptes rendus. Math\u00e9matique<\/td>\n<td><a href=\"https:\/\/reseau-mirabel.info\/titre\/publication\/5467\" target=\"_blank\" rel=\"noreferrer noopener\">https:\/\/reseau-mirabel.info\/titre\/publication\/5467<\/a><\/td>\n<\/tr>\n<tr>\n<td>Comptes rendus. M\u00e9canique<\/td>\n<td><a href=\"https:\/\/reseau-mirabel.info\/titre\/publication\/5468\" target=\"_blank\" rel=\"noreferrer noopener\">https:\/\/reseau-mirabel.info\/titre\/publication\/5468<\/a><\/td>\n<\/tr>\n<tr>\n<td>Comptes rendus. Physique<\/td>\n<td><a href=\"https:\/\/reseau-mirabel.info\/titre\/publication\/5672\" target=\"_blank\" rel=\"noreferrer noopener\">https:\/\/reseau-mirabel.info\/titre\/publication\/5672<\/a><\/td>\n<\/tr>\n<tr>\n<td>Confluentes Mathematici<\/td>\n<td><a href=\"https:\/\/reseau-mirabel.info\/titre\/publication\/5709\" target=\"_blank\" rel=\"noreferrer noopener\">https:\/\/reseau-mirabel.info\/titre\/publication\/5709<\/a><\/td>\n<\/tr>\n<tr>\n<td>Journal de l&#8217;\u00c9cole polytechnique &#8211; Math\u00e9matiques<\/td>\n<td><a href=\"https:\/\/reseau-mirabel.info\/titre\/publication\/6030\" target=\"_blank\" rel=\"noreferrer noopener\">https:\/\/reseau-mirabel.info\/titre\/publication\/6030<\/a><\/td>\n<\/tr>\n<tr>\n<td>Journal de th\u00e9orie des nombres de Bordeaux<\/td>\n<td><a href=\"https:\/\/reseau-mirabel.info\/titre\/publication\/6047\" target=\"_blank\" rel=\"noreferrer noopener\">https:\/\/reseau-mirabel.info\/titre\/publication\/6047<\/a><\/td>\n<\/tr>\n<tr>\n<td>MathematicS in action<\/td>\n<td><a href=\"https:\/\/reseau-mirabel.info\/titre\/publication\/6206\" target=\"_blank\" rel=\"noreferrer noopener\">https:\/\/reseau-mirabel.info\/titre\/publication\/6206<\/a><\/td>\n<\/tr>\n<tr>\n<td>Mathematics Research Reports<\/td>\n<td><a href=\"https:\/\/reseau-mirabel.info\/titre\/publication\/12095\" target=\"_blank\" rel=\"noreferrer noopener\">https:\/\/reseau-mirabel.info\/titre\/publication\/12095<\/a><\/td>\n<\/tr>\n<tr>\n<td>Open Geomechanics<\/td>\n<td><a href=\"https:\/\/reseau-mirabel.info\/titre\/publication\/10240\" target=\"_blank\" rel=\"noreferrer noopener\">https:\/\/reseau-mirabel.info\/titre\/publication\/10240<\/a><\/td>\n<\/tr>\n<tr>\n<td>Open Journal of Mathematical Optimization<\/td>\n<td><a href=\"https:\/\/reseau-mirabel.info\/titre\/publication\/12091\" target=\"_blank\" rel=\"noreferrer noopener\">https:\/\/reseau-mirabel.info\/titre\/publication\/12091<\/a><\/td>\n<\/tr>\n<tr>\n<td>Peer Community Journal<\/td>\n<td><a href=\"https:\/\/reseau-mirabel.info\/titre\/publication\/16359\" target=\"_blank\" rel=\"noreferrer noopener\">https:\/\/reseau-mirabel.info\/titre\/publication\/16359<\/a><\/td>\n<\/tr>\n<tr>\n<td>Publications math\u00e9matiques de Besan\u00e7on &#8211; Alg\u00e8bre et Th\u00e9orie des nombres<\/td>\n<td><a href=\"https:\/\/reseau-mirabel.info\/titre\/publication\/6266\" target=\"_blank\" rel=\"noreferrer noopener\">https:\/\/reseau-mirabel.info\/titre\/publication\/6266<\/a><\/td>\n<\/tr>\n<tr>\n<td>Revue Ouverte d&#8217;Intelligence Artificielle<\/td>\n<td><a href=\"https:\/\/reseau-mirabel.info\/titre\/publication\/12087\" target=\"_blank\" rel=\"noopener\">https:\/\/reseau-mirabel.info\/titre\/publication\/12087<\/a><\/td>\n<\/tr>\n<tr>\n<td>SMAI-JCM. The SMAI Journal of Computational Mathematics<\/td>\n<td><a href=\"https:\/\/reseau-mirabel.info\/titre\/publication\/8348\" target=\"_blank\" rel=\"noreferrer noopener\">https:\/\/reseau-mirabel.info\/titre\/publication\/8348<\/a><\/td>\n<\/tr>\n<\/tbody>\n<\/table>\n<\/figure>\n<p><\/p>\n<\/div>\n<p><\/p>\n<\/div>\n<p><\/p>\t\t\t\t\t\t\t\t<\/div>\n\t\t\t\t<\/div>\n\t\t\t\t\t<\/div>\n\t\t<\/div>\n\t\t\t\t\t<\/div>\n\t\t<\/section>\n\t\t\t\t<\/div>\n\t\t","protected":false},"excerpt":{"rendered":"<p>The table below provides quick access to the different dissemination policies of the journals hosted by the centre Mersenne. Title Dissemination policy Algebraic combinatorics https:\/\/reseau-mirabel.info\/titre\/publication\/8346 Annales de la Facult\u00e9 des sciences de Toulouse https:\/\/reseau-mirabel.info\/titre\/publication\/5493 Annales de l&#8217;Institut Fourier https:\/\/reseau-mirabel.info\/titre\/publication\/5386 Annales Henri Lebesgue https:\/\/reseau-mirabel.info\/titre\/publication\/8347 Annales math\u00e9matiques Blaise Pascal https:\/\/reseau-mirabel.info\/titre\/publication\/5759 Comptes rendus. Biologies https:\/\/reseau-mirabel.info\/titre\/publication\/5465 Comptes rendus. Chimie [&hellip;]<\/p>\n","protected":false},"author":3,"featured_media":0,"parent":0,"menu_order":0,"comment_status":"closed","ping_status":"closed","template":"","meta":{"_acf_changed":false,"_seopress_robots_primary_cat":"","_seopress_titles_title":"Dissemination policies of the centre Mersenne journals","_seopress_titles_desc":"What is the licence applied to the journal? How to reuse the articles? Which versions can be used?","_seopress_robots_index":"","footnotes":""},"class_list":["post-3763","page","type-page","status-publish"],"acf":[],"_links":{"self":[{"href":"https:\/\/www.centre-mersenne.org\/en\/wp-json\/wp\/v2\/pages\/3763","targetHints":{"allow":["GET"]}}],"collection":[{"href":"https:\/\/www.centre-mersenne.org\/en\/wp-json\/wp\/v2\/pages"}],"about":[{"href":"https:\/\/www.centre-mersenne.org\/en\/wp-json\/wp\/v2\/types\/page"}],"author":[{"embeddable":true,"href":"https:\/\/www.centre-mersenne.org\/en\/wp-json\/wp\/v2\/users\/3"}],"replies":[{"embeddable":true,"href":"https:\/\/www.centre-mersenne.org\/en\/wp-json\/wp\/v2\/comments?post=3763"}],"version-history":[{"count":1,"href":"https:\/\/www.centre-mersenne.org\/en\/wp-json\/wp\/v2\/pages\/3763\/revisions"}],"predecessor-version":[{"id":3764,"href":"https:\/\/www.centre-mersenne.org\/en\/wp-json\/wp\/v2\/pages\/3763\/revisions\/3764"}],"wp:attachment":[{"href":"https:\/\/www.centre-mersenne.org\/en\/wp-json\/wp\/v2\/media?parent=3763"}],"curies":[{"name":"wp","href":"https:\/\/api.w.org\/{rel}","templated":true}]}}