{"id":3717,"date":"2022-02-08T10:49:54","date_gmt":"2022-02-08T09:49:54","guid":{"rendered":"https:\/\/www.centre-mersenne.org\/legal-information\/"},"modified":"2024-02-13T15:08:18","modified_gmt":"2024-02-13T14:08:18","slug":"legal-information","status":"publish","type":"page","link":"https:\/\/www.centre-mersenne.org\/en\/legal-information\/","title":{"rendered":"Legal information"},"content":{"rendered":"\t\t<div data-elementor-type=\"wp-page\" data-elementor-id=\"3717\" class=\"elementor elementor-3717 elementor-27\" data-elementor-post-type=\"page\">\n\t\t\t\t\t\t<section class=\"elementor-section elementor-top-section elementor-element elementor-element-ae343e2 elementor-section-boxed elementor-section-height-default elementor-section-height-default\" data-id=\"ae343e2\" data-element_type=\"section\" data-e-type=\"section\" data-settings=\"{&quot;background_background&quot;:&quot;classic&quot;}\">\n\t\t\t\t\t\t<div class=\"elementor-container elementor-column-gap-default\">\n\t\t\t\t\t<div class=\"elementor-column elementor-col-100 elementor-top-column elementor-element elementor-element-b5b0046\" data-id=\"b5b0046\" data-element_type=\"column\" data-e-type=\"column\">\n\t\t\t<div class=\"elementor-widget-wrap elementor-element-populated\">\n\t\t\t\t\t\t<div class=\"elementor-element elementor-element-d54db39 elementor-widget elementor-widget-heading\" data-id=\"d54db39\" data-element_type=\"widget\" data-e-type=\"widget\" data-widget_type=\"heading.default\">\n\t\t\t\t<div class=\"elementor-widget-container\">\n\t\t\t\t\t<h1 class=\"elementor-heading-title elementor-size-default\">Legal information<\/h1>\t\t\t\t<\/div>\n\t\t\t\t<\/div>\n\t\t\t\t\t<\/div>\n\t\t<\/div>\n\t\t\t\t\t<\/div>\n\t\t<\/section>\n\t\t\t\t<section class=\"elementor-section elementor-top-section elementor-element elementor-element-1d5755c elementor-section-boxed elementor-section-height-default elementor-section-height-default\" data-id=\"1d5755c\" data-element_type=\"section\" data-e-type=\"section\" data-settings=\"{&quot;background_background&quot;:&quot;classic&quot;}\">\n\t\t\t\t\t\t<div class=\"elementor-container elementor-column-gap-default\">\n\t\t\t\t\t<div class=\"elementor-column elementor-col-100 elementor-top-column elementor-element elementor-element-d87723d\" data-id=\"d87723d\" data-element_type=\"column\" data-e-type=\"column\">\n\t\t\t<div class=\"elementor-widget-wrap elementor-element-populated\">\n\t\t\t\t\t\t<div class=\"elementor-element elementor-element-0c4dab9 elementor-widget elementor-widget-text-editor\" data-id=\"0c4dab9\" data-element_type=\"widget\" data-e-type=\"widget\" data-widget_type=\"text-editor.default\">\n\t\t\t\t<div class=\"elementor-widget-container\">\n\t\t\t\t\t\t\t\t\t<h2>Editor &#8211; Technical and graphic design of the site<br \/> <\/h2>\n<p><strong>Centre Mersenne<\/strong><br \/>Mathdoc<\/p>\n<p>Joint Research Unit n\u00b05638<\/p>\n<p>(Centre National de la Recherche Scientifique\/ Universit\u00e9 Grenoble Alpes)<br \/>B\u00e2timent CETA<br \/>Domaine Universitaire<br \/>150, rue de la chimie<br \/>38400 Saint Martin d\u2019H\u00e8res<\/p>\n<p>France<\/p>\n<p>T\u00e9l. +33 4 57 04 11 02<\/p>\n<p>contact-mersenne@listes.mathdoc.fr<\/p>\n<h2>Hosting<\/h2>\n<p>UMS 3758 <strong>GRICAD<\/strong><br \/>B\u00e2timent IMAG<br \/>700 Avenue Centrale<br \/>38400 Saint-Martin-d&#8217;H\u00e8res<\/p>\n<p>Tel : + 33 4 57 42 18 54<\/p>\n<p><a href=\"mailto:gricad-contact@univ-grenoble-alpes.fr\">gricad-contact@univ-grenoble-alpes.fr<\/a><\/p>\n<p>Editorial director: Antoine Petit<\/p>\n<p>Chief Editor: Evelyne Miot<\/p>\n<h3><strong>Article 1 : Personal data Protection<\/strong><\/h3>\n<p>In accordance with the French data protection and freedom of information law (loi n\u00b078-17 du 6 janvier 1978 dite \u201cInformatique et Libert\u00e9s\u201d) and the General Data Protection Regulation 2016\/679, (entered into force on May 25, 2018), Mathdoc via the Centre Mersenne has implemented a privacy policy available under the following link: <a href=\"https:\/\/www.centre-mersenne.org\/en\/privacy-policy\/\" target=\"_blank\" rel=\"noopener\">https:\/\/www.centre-mersenne.org\/politique-de-confidentialite-2\/<\/a><\/p>\n<p>You have a right to to access, to rectify, to portability, and to delete any of your personal data that might appear on this website and\/or be processed by Mathdoc via the Centre Mersenne. You also have a right to oppose to such personal data process; to ask for limitation to such process; to withdraw your consent to such process, and to ask, if applicable, for your account to be deleted.<\/p>\n<p>To exercise such rights or for any further information, you may send an e-mail to: <a href=\"mailto:contact-mersenne@listes-mathdoc.fr\">contact-mersenne@listes-mathdoc.fr<\/a><\/p>\n<h3><strong>Article 2 :<\/strong> <strong>Liability<\/strong><\/h3>\n<p>Under no circumstances shall Mathdoc and\/or CNRS and UGA be liable for any damages that may result from or be in relation to the use or interpretation of this website and\/or its contents.<\/p>\n<h3><strong>Article 3 : Intellectual property<\/strong><\/h3>\n<p>This website is protected by French and international legislation on intellectual property. It is the exclusive property of CNRS and UGA. All rights of reproduction and distribution are reserved (except for strictly private use), including illustrations and photographs. Any reproduction or representation, of this website by any means whatsoever without authorization is forbidden subject to legal exceptions.<\/p>\n<p>All of its contents including, but not limited to, all texts, videos and images that appear or are available on the website are also protected by French and international legislation on intellectual property.<\/p>\n<p>Any use, adaptation, extraction, copy, translation, reproduction, sale, publication, exploitation, or modification whatsoever of the whole or of any protected item of this site without prior approval are forbidden, except if the particular license applicable to such contents permits it and subject to legal exceptions.<\/p>\n<p>The initials \u201cCNRS\u201d, the wording \u00ab Centre National de la Recherche Scientifique \u00bb and CNRS\u2019 logo are registered as trademarks. It is thus prohibited to use these denominations\/name in any form or by any means whatsoever or for any purpose whatsoever withour prior written agreement of CNRS.<\/p>\n<p>It is also prohibited to refer to names and logos of Mathdoc and the Centre Mersenne without prior written agreement of CNRS and UGA.<\/p>\n<h3><strong>Article 4 : Open access content<\/strong><\/h3>\n<p>Open acess publications are free to read for everybody, without limitation. They can be reproduced and\/or shared subject to the terms of the applicable license.<\/p>\n<h3><strong>Article 5 : Hyperlinks<\/strong><\/h3>\n<p>You may display on your website hyperlinks to this website or its contents, provided you do so in a way that does not damage Mathdoc and\/or CNRS and UGA\u2019s interests and that guarantees a possibility for the user to identify the origin and the author of the document.<\/p>\n<p>Hyperlinks to websites operated by third parties that may appear on this website do not incur any responsibility for, nor approval of, . the information contained in those websites on the part of Mathdoc and\/or CNRS and UGA<\/p>\n\t\t\t\t\t\t\t\t<\/div>\n\t\t\t\t<\/div>\n\t\t\t\t\t<\/div>\n\t\t<\/div>\n\t\t\t\t\t<\/div>\n\t\t<\/section>\n\t\t\t\t<\/div>\n\t\t","protected":false},"excerpt":{"rendered":"<p>Legal information Editor &#8211; Technical and graphic design of the site Centre MersenneMathdoc Joint Research Unit n\u00b05638 (Centre National de la Recherche Scientifique\/ Universit\u00e9 Grenoble Alpes)B\u00e2timent CETADomaine Universitaire150, rue de la chimie38400 Saint Martin d\u2019H\u00e8res France T\u00e9l. +33 4 57 04 11 02 contact-mersenne@listes.mathdoc.fr Hosting UMS 3758 GRICADB\u00e2timent IMAG700 Avenue Centrale38400 Saint-Martin-d&#8217;H\u00e8res Tel : + [&hellip;]<\/p>\n","protected":false},"author":1,"featured_media":0,"parent":0,"menu_order":0,"comment_status":"closed","ping_status":"closed","template":"","meta":{"_acf_changed":false,"_seopress_robots_primary_cat":"","_seopress_titles_title":"centre Mersenne : legal information","_seopress_titles_desc":"Legal notice of the centre Mersenne: hosting, intellectual property, personal data protection. Click here to read more.","_seopress_robots_index":"yes","footnotes":""},"class_list":["post-3717","page","type-page","status-publish"],"acf":[],"_links":{"self":[{"href":"https:\/\/www.centre-mersenne.org\/en\/wp-json\/wp\/v2\/pages\/3717","targetHints":{"allow":["GET"]}}],"collection":[{"href":"https:\/\/www.centre-mersenne.org\/en\/wp-json\/wp\/v2\/pages"}],"about":[{"href":"https:\/\/www.centre-mersenne.org\/en\/wp-json\/wp\/v2\/types\/page"}],"author":[{"embeddable":true,"href":"https:\/\/www.centre-mersenne.org\/en\/wp-json\/wp\/v2\/users\/1"}],"replies":[{"embeddable":true,"href":"https:\/\/www.centre-mersenne.org\/en\/wp-json\/wp\/v2\/comments?post=3717"}],"version-history":[{"count":5,"href":"https:\/\/www.centre-mersenne.org\/en\/wp-json\/wp\/v2\/pages\/3717\/revisions"}],"predecessor-version":[{"id":5412,"href":"https:\/\/www.centre-mersenne.org\/en\/wp-json\/wp\/v2\/pages\/3717\/revisions\/5412"}],"wp:attachment":[{"href":"https:\/\/www.centre-mersenne.org\/en\/wp-json\/wp\/v2\/media?parent=3717"}],"curies":[{"name":"wp","href":"https:\/\/api.w.org\/{rel}","templated":true}]}}