{"id":3713,"date":"2022-04-25T21:27:19","date_gmt":"2022-04-25T19:27:19","guid":{"rendered":"https:\/\/www.centre-mersenne.org\/history\/"},"modified":"2024-10-14T16:08:49","modified_gmt":"2024-10-14T14:08:49","slug":"history","status":"publish","type":"page","link":"https:\/\/www.centre-mersenne.org\/en\/history\/","title":{"rendered":"History"},"content":{"rendered":"\t\t<div data-elementor-type=\"wp-page\" data-elementor-id=\"3713\" class=\"elementor elementor-3713 elementor-1184\" data-elementor-post-type=\"page\">\n\t\t\t\t\t\t<section class=\"elementor-section elementor-top-section elementor-element elementor-element-c0b9cc8 elementor-section-content-middle elementor-section-boxed elementor-section-height-default elementor-section-height-default\" data-id=\"c0b9cc8\" data-element_type=\"section\" data-e-type=\"section\" data-settings=\"{&quot;background_background&quot;:&quot;classic&quot;}\">\n\t\t\t\t\t\t<div class=\"elementor-container elementor-column-gap-default\">\n\t\t\t\t\t<div class=\"elementor-column elementor-col-100 elementor-top-column elementor-element elementor-element-9ab3e60\" data-id=\"9ab3e60\" data-element_type=\"column\" data-e-type=\"column\">\n\t\t\t<div class=\"elementor-widget-wrap elementor-element-populated\">\n\t\t\t\t\t\t<div class=\"elementor-element elementor-element-62796fe elementor-widget elementor-widget-heading\" data-id=\"62796fe\" data-element_type=\"widget\" data-e-type=\"widget\" data-widget_type=\"heading.default\">\n\t\t\t\t<div class=\"elementor-widget-container\">\n\t\t\t\t\t<h1 class=\"elementor-heading-title elementor-size-default\">History<\/h1>\t\t\t\t<\/div>\n\t\t\t\t<\/div>\n\t\t\t\t\t<\/div>\n\t\t<\/div>\n\t\t\t\t\t<\/div>\n\t\t<\/section>\n\t\t\t\t<section class=\"elementor-section elementor-top-section elementor-element elementor-element-a3778c0 elementor-section-boxed elementor-section-height-default elementor-section-height-default\" data-id=\"a3778c0\" data-element_type=\"section\" data-e-type=\"section\" data-settings=\"{&quot;background_background&quot;:&quot;classic&quot;}\">\n\t\t\t\t\t\t<div class=\"elementor-container elementor-column-gap-default\">\n\t\t\t\t\t<div class=\"elementor-column elementor-col-100 elementor-top-column elementor-element elementor-element-662a059\" data-id=\"662a059\" data-element_type=\"column\" data-e-type=\"column\">\n\t\t\t<div class=\"elementor-widget-wrap elementor-element-populated\">\n\t\t\t\t\t\t<div class=\"elementor-element elementor-element-6b77775 elementor-position-inline-end elementor-widget__width-auto mersenne-responsive-icon mersenne-h2-icon elementor-view-default elementor-mobile-position-block-start elementor-widget elementor-widget-icon-box\" data-id=\"6b77775\" data-element_type=\"widget\" data-e-type=\"widget\" data-widget_type=\"icon-box.default\">\n\t\t\t\t<div class=\"elementor-widget-container\">\n\t\t\t\t\t\t\t<div class=\"elementor-icon-box-wrapper\">\n\n\t\t\t\t\t\t<div class=\"elementor-icon-box-icon\">\n\t\t\t\t<span  class=\"elementor-icon\">\n\t\t\t\t<svg xmlns=\"http:\/\/www.w3.org\/2000\/svg\" xmlns:xlink=\"http:\/\/www.w3.org\/1999\/xlink\" id=\"Calque_1\" x=\"0px\" y=\"0px\" viewBox=\"0 0 512 512\" style=\"enable-background:new 0 0 512 512;\" xml:space=\"preserve\"><polygon points=\"512,256 0,0 0,512 \"><\/polygon><\/svg>\t\t\t\t<\/span>\n\t\t\t<\/div>\n\t\t\t\n\t\t\t\t\t\t<div class=\"elementor-icon-box-content\">\n\n\t\t\t\t\t\t\t\t\t<h2 class=\"elementor-icon-box-title\">\n\t\t\t\t\t\t<span  >\n\t\t\t\t\t\t\tMathdoc\t\t\t\t\t\t<\/span>\n\t\t\t\t\t<\/h2>\n\t\t\t\t\n\t\t\t\t\n\t\t\t<\/div>\n\t\t\t\n\t\t<\/div>\n\t\t\t\t\t\t<\/div>\n\t\t\t\t<\/div>\n\t\t\t\t<div class=\"elementor-element elementor-element-18e0c82 elementor-widget elementor-widget-text-editor\" data-id=\"18e0c82\" data-element_type=\"widget\" data-e-type=\"widget\" data-widget_type=\"text-editor.default\">\n\t\t\t\t<div class=\"elementor-widget-container\">\n\t\t\t\t\t\t\t\t\t<p>The <a href=\"http:\/\/www.mathdoc.fr\/\" target=\"_blank\" rel=\"noopener\">Cellule de coordination documentaire nationale pour les math\u00e9matiques<\/a> (Mathdoc) is a mixed service unit with a national vocation, with two supervisory bodies: the Institut national des sciences math\u00e9matiques et de leurs interactions (<a href=\"https:\/\/www.insmi.cnrs.fr\/fr\" target=\"_blank\" rel=\"noopener\">CNRS Math\u00e9matiques<\/a>) of the <a href=\"http:\/\/www.cnrs.fr\/\" target=\"_blank\" rel=\"noopener\">CNRS<\/a>, and the <a href=\"http:\/\/www.univ-grenoble-alpes.fr\/\" target=\"_blank\" rel=\"noopener\">Universit\u00e9 Grenoble Alpes<\/a>, where it is located.<\/p>\n<p>It develops services either for professionals (documentalists, academic publishers, laboratories, etc.) or directly for researchers through <a href=\"http:\/\/www.mathdoc.fr\/services-documentaires\" target=\"_blank\" rel=\"noopener\">various search and access portals<\/a>.<br \/>It collaborates extensively in this field, both nationally (CNRS business networks, Biblioth\u00e8que nationale de France, the very large \u2018Biblioth\u00e8que scientifique num\u00e9rique\u2019 research infrastructure, etc.) and internationally (cooperation on digital mathematics library projects).<\/p>\n<p>The unit is headed by a mathematician. The <a href=\"http:\/\/www.mathdoc.fr\/equipe\" target=\"_blank\" rel=\"noopener\">team<\/a> consists of documentalists, computer scientists (development and system administration), and a manager.<\/p>\n\t\t\t\t\t\t\t\t<\/div>\n\t\t\t\t<\/div>\n\t\t\t\t<div class=\"elementor-element elementor-element-41309bf elementor-position-inline-end elementor-widget__width-auto mersenne-responsive-icon mersenne-h2-icon elementor-view-default elementor-mobile-position-block-start elementor-widget elementor-widget-icon-box\" data-id=\"41309bf\" data-element_type=\"widget\" data-e-type=\"widget\" data-widget_type=\"icon-box.default\">\n\t\t\t\t<div class=\"elementor-widget-container\">\n\t\t\t\t\t\t\t<div class=\"elementor-icon-box-wrapper\">\n\n\t\t\t\t\t\t<div class=\"elementor-icon-box-icon\">\n\t\t\t\t<span  class=\"elementor-icon\">\n\t\t\t\t<svg xmlns=\"http:\/\/www.w3.org\/2000\/svg\" xmlns:xlink=\"http:\/\/www.w3.org\/1999\/xlink\" id=\"Calque_1\" x=\"0px\" y=\"0px\" viewBox=\"0 0 512 512\" style=\"enable-background:new 0 0 512 512;\" xml:space=\"preserve\"><polygon points=\"512,256 0,0 0,512 \"><\/polygon><\/svg>\t\t\t\t<\/span>\n\t\t\t<\/div>\n\t\t\t\n\t\t\t\t\t\t<div class=\"elementor-icon-box-content\">\n\n\t\t\t\t\t\t\t\t\t<h2 class=\"elementor-icon-box-title\">\n\t\t\t\t\t\t<span  >\n\t\t\t\t\t\t\tMathdoc's activities\t\t\t\t\t\t<\/span>\n\t\t\t\t\t<\/h2>\n\t\t\t\t\n\t\t\t\t\n\t\t\t<\/div>\n\t\t\t\n\t\t<\/div>\n\t\t\t\t\t\t<\/div>\n\t\t\t\t<\/div>\n\t\t\t\t<div class=\"elementor-element elementor-element-1687dbc elementor-widget elementor-widget-text-editor\" data-id=\"1687dbc\" data-element_type=\"widget\" data-e-type=\"widget\" data-widget_type=\"text-editor.default\">\n\t\t\t\t<div class=\"elementor-widget-container\">\n\t\t\t\t\t\t\t\t\t<p><a href=\"http:\/\/www.numdam.org\/\" target=\"_blank\" rel=\"noopener\">Numdam, the French digital mathematics library<\/a><\/p>\n<p><a href=\"https:\/\/portail.math.cnrs.fr\/\" target=\"_blank\" rel=\"noopener\">Portail Math<\/a> (French) This website gives you access to documentary resources and digital services.<\/p>\n<p><a href=\"http:\/\/www.cedram.org\/\" target=\"_blank\" rel=\"noopener\">Cedram<\/a>, dissemination platform for French mathematics journals (French)<\/p>\n\t\t\t\t\t\t\t\t<\/div>\n\t\t\t\t<\/div>\n\t\t\t\t<div class=\"elementor-element elementor-element-4cd66d9 elementor-position-inline-end elementor-widget__width-auto mersenne-responsive-icon mersenne-h2-icon elementor-view-default elementor-mobile-position-block-start elementor-widget elementor-widget-icon-box\" data-id=\"4cd66d9\" data-element_type=\"widget\" data-e-type=\"widget\" data-widget_type=\"icon-box.default\">\n\t\t\t\t<div class=\"elementor-widget-container\">\n\t\t\t\t\t\t\t<div class=\"elementor-icon-box-wrapper\">\n\n\t\t\t\t\t\t<div class=\"elementor-icon-box-icon\">\n\t\t\t\t<span  class=\"elementor-icon\">\n\t\t\t\t<svg xmlns=\"http:\/\/www.w3.org\/2000\/svg\" xmlns:xlink=\"http:\/\/www.w3.org\/1999\/xlink\" id=\"Calque_1\" x=\"0px\" y=\"0px\" viewBox=\"0 0 512 512\" style=\"enable-background:new 0 0 512 512;\" xml:space=\"preserve\"><polygon points=\"512,256 0,0 0,512 \"><\/polygon><\/svg>\t\t\t\t<\/span>\n\t\t\t<\/div>\n\t\t\t\n\t\t\t\t\t\t<div class=\"elementor-icon-box-content\">\n\n\t\t\t\t\t\t\t\t\t<h2 class=\"elementor-icon-box-title\">\n\t\t\t\t\t\t<span  >\n\t\t\t\t\t\t\tOriginally, Cedram\t\t\t\t\t\t<\/span>\n\t\t\t\t\t<\/h2>\n\t\t\t\t\n\t\t\t\t\n\t\t\t<\/div>\n\t\t\t\n\t\t<\/div>\n\t\t\t\t\t\t<\/div>\n\t\t\t\t<\/div>\n\t\t\t\t<div class=\"elementor-element elementor-element-f06b077 elementor-widget elementor-widget-text-editor\" data-id=\"f06b077\" data-element_type=\"widget\" data-e-type=\"widget\" data-widget_type=\"text-editor.default\">\n\t\t\t\t<div class=\"elementor-widget-container\">\n\t\t\t\t\t\t\t\t\t<p>Launched in 2005 and stopped in 2018, the Cedram gatheredin 2017 9 journals, 1 book et 7 scientific proceedings, accessibles in full text and open access.<\/p>\n<p>The centre Mersenne was presented as a change of scale for Cedram in terms of:<\/p>\n\t\t\t\t\t\t\t\t<\/div>\n\t\t\t\t<\/div>\n\t\t\t\t<div class=\"elementor-element elementor-element-bd3af56 mersenne-list-ico-align elementor-icon-list--layout-traditional elementor-list-item-link-full_width elementor-widget elementor-widget-icon-list\" data-id=\"bd3af56\" data-element_type=\"widget\" data-e-type=\"widget\" data-widget_type=\"icon-list.default\">\n\t\t\t\t<div class=\"elementor-widget-container\">\n\t\t\t\t\t\t\t<ul class=\"elementor-icon-list-items\">\n\t\t\t\t\t\t\t<li class=\"elementor-icon-list-item\">\n\t\t\t\t\t\t\t\t\t\t\t<span class=\"elementor-icon-list-icon\">\n\t\t\t\t\t\t\t<svg xmlns=\"http:\/\/www.w3.org\/2000\/svg\" xmlns:xlink=\"http:\/\/www.w3.org\/1999\/xlink\" id=\"Calque_1\" x=\"0px\" y=\"0px\" viewBox=\"0 0 512 512\" style=\"enable-background:new 0 0 512 512;\" xml:space=\"preserve\"><polygon points=\"512,256 0,0 0,512 \"><\/polygon><\/svg>\t\t\t\t\t\t<\/span>\n\t\t\t\t\t\t\t\t\t\t<span class=\"elementor-icon-list-text\">Services: a wide range of services;<\/span>\n\t\t\t\t\t\t\t\t\t<\/li>\n\t\t\t\t\t\t\t\t<li class=\"elementor-icon-list-item\">\n\t\t\t\t\t\t\t\t\t\t\t<span class=\"elementor-icon-list-icon\">\n\t\t\t\t\t\t\t<svg xmlns=\"http:\/\/www.w3.org\/2000\/svg\" xmlns:xlink=\"http:\/\/www.w3.org\/1999\/xlink\" id=\"Calque_1\" x=\"0px\" y=\"0px\" viewBox=\"0 0 512 512\" style=\"enable-background:new 0 0 512 512;\" xml:space=\"preserve\"><polygon points=\"512,256 0,0 0,512 \"><\/polygon><\/svg>\t\t\t\t\t\t<\/span>\n\t\t\t\t\t\t\t\t\t\t<span class=\"elementor-icon-list-text\">Thematic coverage: opening to scientific disciplines beyond mathematics;<\/span>\n\t\t\t\t\t\t\t\t\t<\/li>\n\t\t\t\t\t\t\t\t<li class=\"elementor-icon-list-item\">\n\t\t\t\t\t\t\t\t\t\t\t<span class=\"elementor-icon-list-icon\">\n\t\t\t\t\t\t\t<svg xmlns=\"http:\/\/www.w3.org\/2000\/svg\" xmlns:xlink=\"http:\/\/www.w3.org\/1999\/xlink\" id=\"Calque_1\" x=\"0px\" y=\"0px\" viewBox=\"0 0 512 512\" style=\"enable-background:new 0 0 512 512;\" xml:space=\"preserve\"><polygon points=\"512,256 0,0 0,512 \"><\/polygon><\/svg>\t\t\t\t\t\t<\/span>\n\t\t\t\t\t\t\t\t\t\t<span class=\"elementor-icon-list-text\">Geographical coverage: international outreach.<\/span>\n\t\t\t\t\t\t\t\t\t<\/li>\n\t\t\t\t\t\t<\/ul>\n\t\t\t\t\t\t<\/div>\n\t\t\t\t<\/div>\n\t\t\t\t<div class=\"elementor-element elementor-element-09f25f3 elementor-position-inline-end elementor-widget__width-auto mersenne-responsive-icon mersenne-h2-icon elementor-view-default elementor-mobile-position-block-start elementor-widget elementor-widget-icon-box\" data-id=\"09f25f3\" data-element_type=\"widget\" data-e-type=\"widget\" data-widget_type=\"icon-box.default\">\n\t\t\t\t<div class=\"elementor-widget-container\">\n\t\t\t\t\t\t\t<div class=\"elementor-icon-box-wrapper\">\n\n\t\t\t\t\t\t<div class=\"elementor-icon-box-icon\">\n\t\t\t\t<span  class=\"elementor-icon\">\n\t\t\t\t<svg xmlns=\"http:\/\/www.w3.org\/2000\/svg\" xmlns:xlink=\"http:\/\/www.w3.org\/1999\/xlink\" id=\"Calque_1\" x=\"0px\" y=\"0px\" viewBox=\"0 0 512 512\" style=\"enable-background:new 0 0 512 512;\" xml:space=\"preserve\"><polygon points=\"512,256 0,0 0,512 \"><\/polygon><\/svg>\t\t\t\t<\/span>\n\t\t\t<\/div>\n\t\t\t\n\t\t\t\t\t\t<div class=\"elementor-icon-box-content\">\n\n\t\t\t\t\t\t\t\t\t<h2 class=\"elementor-icon-box-title\">\n\t\t\t\t\t\t<span  >\n\t\t\t\t\t\t\tFrom Cedram to the Centre Mersenne\t\t\t\t\t\t<\/span>\n\t\t\t\t\t<\/h2>\n\t\t\t\t\n\t\t\t\t\n\t\t\t<\/div>\n\t\t\t\n\t\t<\/div>\n\t\t\t\t\t\t<\/div>\n\t\t\t\t<\/div>\n\t\t\t\t<div class=\"elementor-element elementor-element-15e5c21 elementor-widget elementor-widget-text-editor\" data-id=\"15e5c21\" data-element_type=\"widget\" data-e-type=\"widget\" data-widget_type=\"text-editor.default\">\n\t\t\t\t<div class=\"elementor-widget-container\">\n\t\t\t\t\t\t\t\t\t<p><em><strong>2005<\/strong><\/em><\/p>\n<p style=\"margin-bottom: 0px;\">Online publication of 3 journals including the <em>Annales de l&#8217;Institut Fourier<\/em>.<\/p>\n\t\t\t\t\t\t\t\t<\/div>\n\t\t\t\t<\/div>\n\t\t\t\t<div class=\"elementor-element elementor-element-0d73fb3 elementor-widget elementor-widget-text-editor\" data-id=\"0d73fb3\" data-element_type=\"widget\" data-e-type=\"widget\" data-widget_type=\"text-editor.default\">\n\t\t\t\t<div class=\"elementor-widget-container\">\n\t\t\t\t\t\t\t\t\t<p><strong><em>2014<\/em><\/strong><\/p>\n<p style=\"margin-bottom: 0px;\">Distribution of the <em> Journal de l\u2019\u00e9cole Polytechnique<\/em>.<\/p>\n\t\t\t\t\t\t\t\t<\/div>\n\t\t\t\t<\/div>\n\t\t\t\t<div class=\"elementor-element elementor-element-25fccc5 elementor-widget elementor-widget-text-editor\" data-id=\"25fccc5\" data-element_type=\"widget\" data-e-type=\"widget\" data-widget_type=\"text-editor.default\">\n\t\t\t\t<div class=\"elementor-widget-container\">\n\t\t\t\t\t\t\t\t\t<p><em><strong>2015<\/strong><\/em><\/p>\n<ul>\n<li>Distribution of 9 journals, 1 book, 7 proceedings and seminars;<\/li>\n<li>About 8,000 articles (180,000 pages) on cedram.org;<\/li>\n<li>An average of 200 articles per year (6,000 pages) are published online.<\/li>\n<li>Cedram offers the LaTeX standardisation service.<\/li>\n<\/ul>\n\t\t\t\t\t\t\t\t<\/div>\n\t\t\t\t<\/div>\n\t\t\t\t<div class=\"elementor-element elementor-element-67f83e5 elementor-widget elementor-widget-text-editor\" data-id=\"67f83e5\" data-element_type=\"widget\" data-e-type=\"widget\" data-widget_type=\"text-editor.default\">\n\t\t\t\t<div class=\"elementor-widget-container\">\n\t\t\t\t\t\t\t\t\t<p><em><strong>2017<\/strong><\/em><\/p>\n<p>Cedram is beginning its transition to Mersenne:<\/p>\n<ul>\n<li>All Cedram content is Open Access;<\/li>\n<li>Two recruitments on fixed-term contracts for the centre Mersenne;<\/li>\n<li>Integration of 4 new journals.<\/li>\n<\/ul>\n\t\t\t\t\t\t\t\t<\/div>\n\t\t\t\t<\/div>\n\t\t\t\t<div class=\"elementor-element elementor-element-8dec82d elementor-widget elementor-widget-text-editor\" data-id=\"8dec82d\" data-element_type=\"widget\" data-e-type=\"widget\" data-widget_type=\"text-editor.default\">\n\t\t\t\t<div class=\"elementor-widget-container\">\n\t\t\t\t\t\t\t\t\t<p><em><strong>2018<\/strong><\/em><\/p>\n<p>Cedram changes scale to become the centre Mersenne for Open Scientific Publishing<\/p>\n<ul>\n<li>January 2018: launch of the centre Mersenne;<\/li>\n<li>January 2018: publication of the first volume of <em>Algebraic Combinatorics<\/em> on the Mersenne platform;<\/li>\n<li>Migration of Cedram content to the centre Mersenne.<\/li>\n<\/ul>\n\t\t\t\t\t\t\t\t<\/div>\n\t\t\t\t<\/div>\n\t\t\t\t\t<\/div>\n\t\t<\/div>\n\t\t\t\t\t<\/div>\n\t\t<\/section>\n\t\t\t\t<\/div>\n\t\t","protected":false},"excerpt":{"rendered":"<p>History Mathdoc The Cellule de coordination documentaire nationale pour les math\u00e9matiques (Mathdoc) is a mixed service unit with a national vocation, with two supervisory bodies: the Institut national des sciences math\u00e9matiques et de leurs interactions (CNRS Math\u00e9matiques) of the CNRS, and the Universit\u00e9 Grenoble Alpes, where it is located. It develops services either for professionals [&hellip;]<\/p>\n","protected":false},"author":1,"featured_media":0,"parent":0,"menu_order":0,"comment_status":"closed","ping_status":"closed","template":"","meta":{"_acf_changed":false,"_seopress_robots_primary_cat":"","_seopress_titles_title":"The history of centre Mersenne","_seopress_titles_desc":"The history of centre Mersenne: key dates For more information, click here.","_seopress_robots_index":"","footnotes":""},"class_list":["post-3713","page","type-page","status-publish"],"acf":[],"_links":{"self":[{"href":"https:\/\/www.centre-mersenne.org\/en\/wp-json\/wp\/v2\/pages\/3713","targetHints":{"allow":["GET"]}}],"collection":[{"href":"https:\/\/www.centre-mersenne.org\/en\/wp-json\/wp\/v2\/pages"}],"about":[{"href":"https:\/\/www.centre-mersenne.org\/en\/wp-json\/wp\/v2\/types\/page"}],"author":[{"embeddable":true,"href":"https:\/\/www.centre-mersenne.org\/en\/wp-json\/wp\/v2\/users\/1"}],"replies":[{"embeddable":true,"href":"https:\/\/www.centre-mersenne.org\/en\/wp-json\/wp\/v2\/comments?post=3713"}],"version-history":[{"count":5,"href":"https:\/\/www.centre-mersenne.org\/en\/wp-json\/wp\/v2\/pages\/3713\/revisions"}],"predecessor-version":[{"id":5901,"href":"https:\/\/www.centre-mersenne.org\/en\/wp-json\/wp\/v2\/pages\/3713\/revisions\/5901"}],"wp:attachment":[{"href":"https:\/\/www.centre-mersenne.org\/en\/wp-json\/wp\/v2\/media?parent=3713"}],"curies":[{"name":"wp","href":"https:\/\/api.w.org\/{rel}","templated":true}]}}