{"id":3578,"date":"2022-12-20T15:07:50","date_gmt":"2022-12-20T14:07:50","guid":{"rendered":"https:\/\/www.centre-mersenne.org\/tools-for-journals\/"},"modified":"2025-10-03T15:52:17","modified_gmt":"2025-10-03T13:52:17","slug":"tools-for-journals","status":"publish","type":"page","link":"https:\/\/www.centre-mersenne.org\/en\/tools-for-journals\/","title":{"rendered":"Tools for journals"},"content":{"rendered":"\t\t<div data-elementor-type=\"wp-page\" data-elementor-id=\"3578\" class=\"elementor elementor-3578 elementor-2845\" data-elementor-post-type=\"page\">\n\t\t\t\t\t\t<section class=\"elementor-section elementor-top-section elementor-element elementor-element-806062f elementor-section-boxed elementor-section-height-default elementor-section-height-default\" data-id=\"806062f\" data-element_type=\"section\" data-e-type=\"section\">\n\t\t\t\t\t\t<div class=\"elementor-container elementor-column-gap-default\">\n\t\t\t\t\t<div class=\"elementor-column elementor-col-100 elementor-top-column elementor-element elementor-element-ff717d9\" data-id=\"ff717d9\" data-element_type=\"column\" data-e-type=\"column\">\n\t\t\t<div class=\"elementor-widget-wrap elementor-element-populated\">\n\t\t\t\t\t\t<div class=\"elementor-element elementor-element-2dc7aec elementor-widget elementor-widget-text-editor\" data-id=\"2dc7aec\" data-element_type=\"widget\" data-e-type=\"widget\" data-widget_type=\"text-editor.default\">\n\t\t\t\t<div class=\"elementor-widget-container\">\n\t\t\t\t\t\t\t\t\t<p>LaTeX installation for centre Mersenne publications.<br><\/p>\t\t\t\t\t\t\t\t<\/div>\n\t\t\t\t<\/div>\n\t\t\t\t\t<\/div>\n\t\t<\/div>\n\t\t\t\t\t<\/div>\n\t\t<\/section>\n\t\t\t\t<section class=\"elementor-section elementor-top-section elementor-element elementor-element-e2addc5 elementor-section-boxed elementor-section-height-default elementor-section-height-default\" data-id=\"e2addc5\" data-element_type=\"section\" data-e-type=\"section\" data-settings=\"{&quot;background_background&quot;:&quot;classic&quot;}\">\n\t\t\t\t\t\t<div class=\"elementor-container elementor-column-gap-default\">\n\t\t\t\t\t<div class=\"elementor-column elementor-col-100 elementor-top-column elementor-element elementor-element-4cf987c\" data-id=\"4cf987c\" data-element_type=\"column\" data-e-type=\"column\">\n\t\t\t<div class=\"elementor-widget-wrap elementor-element-populated\">\n\t\t\t\t\t\t<div class=\"elementor-element elementor-element-4e0662e elementor-widget elementor-widget-heading\" data-id=\"4e0662e\" data-element_type=\"widget\" data-e-type=\"widget\" data-widget_type=\"heading.default\">\n\t\t\t\t<div class=\"elementor-widget-container\">\n\t\t\t\t\t<h2 class=\"elementor-heading-title elementor-size-default\">Journals<\/h2>\t\t\t\t<\/div>\n\t\t\t\t<\/div>\n\t\t\t\t<div class=\"elementor-element elementor-element-c9dea37 elementor-widget elementor-widget-text-editor\" data-id=\"c9dea37\" data-element_type=\"widget\" data-e-type=\"widget\" data-widget_type=\"text-editor.default\">\n\t\t\t\t<div class=\"elementor-widget-container\">\n\t\t\t\t\t\t\t\t\t<ul><li><a href=\"\/media\/texmf\/texmf-alco.zip\">Algebraic Combinatorics<\/a><\/li><li><a href=\"\/media\/texmf\/texmf-afst.zip\">Annales de la Facult\u00e9 des sciences de Toulouse : Math\u00e9matiques<\/a><\/li><li><a href=\"\/media\/texmf\/texmf-aif.zip\">Annales de l&#8217;Institut Fourier<\/a><\/li><li><a href=\"\/media\/texmf\/texmf-ahl.zip\">Annales Henri Lebesgue<\/a><\/li><li><a href=\"\/media\/texmf\/texmf-ambp.zip\">Annales math\u00e9matiques Blaise Pascal<\/a><\/li><li><a href=\"\/media\/texmf\/texmf-crbiol.zip\">Comptes Rendus. Biologies<\/a><\/li><li><a href=\"\/media\/texmf\/texmf-crchim.zip\">Comptes Rendus. Chimie<\/a><\/li><li><a href=\"\/media\/texmf\/texmf-crgeos.zip\">Comptes Rendus. G\u00e9oscience<\/a><\/li><li><a href=\"\/media\/texmf\/texmf-crmath.zip\">Comptes Rendus. Math\u00e9matique<\/a><\/li><li><a href=\"\/media\/texmf\/texmf-crmeca.zip\">Comptes Rendus. M\u00e9canique<\/a><\/li><li><a href=\"\/media\/texmf\/texmf-crphys.zip\">Comptes Rendus. Physique<\/a><\/li><li><a href=\"\/media\/texmf\/texmf-cml.zip\">Confluentes Mathematici<\/a><\/li><li><a href=\"\/media\/texmf\/texmf-jep.zip\">Journal de l\u2019\u00c9cole polytechnique \u2014 Math\u00e9matiques<\/a><\/li><li><a href=\"\/media\/texmf\/texmf-jtnb.zip\">Journal de th\u00e9orie des nombres de Bordeaux<\/a><\/li><li><a href=\"\/media\/texmf\/texmf-msia.zip\">MathematicS In Action<\/a><\/li><li><a href=\"\/media\/texmf\/texmf-mrr.zip\">Mathematics Research Reports<\/a><\/li><li><a href=\"\/media\/texmf\/texmf-ogeo.zip\">Open Geomechanics<\/a><\/li><li><a href=\"\/media\/texmf\/texmf-ojmo.zip\">Open Journal of Mathematical Optimization<\/a><\/li><li><a href=\"\/media\/texmf\/texmf-pmb.zip\">Publications mathe\u0301matiques de Besanc\u0327on. Alge\u0300bre et the\u0301orie des nombres<\/a><\/li><li><a href=\"\/media\/texmf\/texmf-roia.zip\">Revue Ouverte d&#8217;Intelligence Artificielle<\/a><\/li><li><a href=\"\/media\/texmf\/texmf-smai-jcm.zip\">The SMAI Journal of computational mathematics<\/a><\/li><\/ul>\t\t\t\t\t\t\t\t<\/div>\n\t\t\t\t<\/div>\n\t\t\t\t\t<\/div>\n\t\t<\/div>\n\t\t\t\t\t<\/div>\n\t\t<\/section>\n\t\t\t\t<section class=\"elementor-section elementor-top-section elementor-element elementor-element-aff3717 elementor-section-boxed elementor-section-height-default elementor-section-height-default\" data-id=\"aff3717\" data-element_type=\"section\" data-e-type=\"section\" data-settings=\"{&quot;background_background&quot;:&quot;classic&quot;}\">\n\t\t\t\t\t\t<div class=\"elementor-container elementor-column-gap-default\">\n\t\t\t\t\t<div class=\"elementor-column elementor-col-100 elementor-top-column elementor-element elementor-element-a968d70\" data-id=\"a968d70\" data-element_type=\"column\" data-e-type=\"column\">\n\t\t\t<div class=\"elementor-widget-wrap elementor-element-populated\">\n\t\t\t\t\t\t<div class=\"elementor-element elementor-element-2105c77 elementor-widget elementor-widget-heading\" data-id=\"2105c77\" data-element_type=\"widget\" data-e-type=\"widget\" data-widget_type=\"heading.default\">\n\t\t\t\t<div class=\"elementor-widget-container\">\n\t\t\t\t\t<h2 class=\"elementor-heading-title elementor-size-default\">Seminars<\/h2>\t\t\t\t<\/div>\n\t\t\t\t<\/div>\n\t\t\t\t<div class=\"elementor-element elementor-element-28b6601 elementor-widget elementor-widget-text-editor\" data-id=\"28b6601\" data-element_type=\"widget\" data-e-type=\"widget\" data-widget_type=\"text-editor.default\">\n\t\t\t\t<div class=\"elementor-widget-container\">\n\t\t\t\t\t\t\t\t\t<ul><li><a href=\"\/media\/texmf\/texmf-acirm.zip\">Actes des rencontres du CIRM<\/a><\/li><li><a href=\"\/media\/texmf\/texmf-jedp.zip\">Journ\u00e9es \u00e9quations aux d\u00e9riv\u00e9es partielles<\/a><\/li><li><a href=\"\/media\/texmf\/texmf-ccirm.zip\">Les cours du CIRM<\/a><\/li><li><a href=\"\/media\/texmf\/texmf-tsg.zip\">S\u00e9minaire de th\u00e9orie spectrale et g\u00e9om\u00e9trie<\/a><\/li><li><a href=\"\/media\/texmf\/texmf-slsedp.zip\">S\u00e9minaire Laurent Schwartz \u2014 EDP et applications<\/a><\/li><li><a href=\"\/media\/texmf\/texmf-wbln.zip\">Winter Braids Lecture Notes<\/a><\/li><\/ul>\t\t\t\t\t\t\t\t<\/div>\n\t\t\t\t<\/div>\n\t\t\t\t\t<\/div>\n\t\t<\/div>\n\t\t\t\t\t<\/div>\n\t\t<\/section>\n\t\t\t\t<\/div>\n\t\t","protected":false},"excerpt":{"rendered":"<p>LaTeX installation for centre Mersenne publications. Journals Algebraic Combinatorics Annales de la Facult\u00e9 des sciences de Toulouse : Math\u00e9matiques Annales de l&#8217;Institut Fourier Annales Henri Lebesgue Annales math\u00e9matiques Blaise Pascal Comptes Rendus. Biologies Comptes Rendus. Chimie Comptes Rendus. G\u00e9oscience Comptes Rendus. Math\u00e9matique Comptes Rendus. M\u00e9canique Comptes Rendus. Physique Confluentes Mathematici Journal de l\u2019\u00c9cole polytechnique \u2014 [&hellip;]<\/p>\n","protected":false},"author":3,"featured_media":0,"parent":0,"menu_order":0,"comment_status":"closed","ping_status":"closed","template":"","meta":{"_acf_changed":false,"_seopress_robots_primary_cat":"","_seopress_titles_title":"","_seopress_titles_desc":"","_seopress_robots_index":"","footnotes":""},"class_list":["post-3578","page","type-page","status-publish"],"acf":[],"_links":{"self":[{"href":"https:\/\/www.centre-mersenne.org\/en\/wp-json\/wp\/v2\/pages\/3578","targetHints":{"allow":["GET"]}}],"collection":[{"href":"https:\/\/www.centre-mersenne.org\/en\/wp-json\/wp\/v2\/pages"}],"about":[{"href":"https:\/\/www.centre-mersenne.org\/en\/wp-json\/wp\/v2\/types\/page"}],"author":[{"embeddable":true,"href":"https:\/\/www.centre-mersenne.org\/en\/wp-json\/wp\/v2\/users\/3"}],"replies":[{"embeddable":true,"href":"https:\/\/www.centre-mersenne.org\/en\/wp-json\/wp\/v2\/comments?post=3578"}],"version-history":[{"count":5,"href":"https:\/\/www.centre-mersenne.org\/en\/wp-json\/wp\/v2\/pages\/3578\/revisions"}],"predecessor-version":[{"id":6407,"href":"https:\/\/www.centre-mersenne.org\/en\/wp-json\/wp\/v2\/pages\/3578\/revisions\/6407"}],"wp:attachment":[{"href":"https:\/\/www.centre-mersenne.org\/en\/wp-json\/wp\/v2\/media?parent=3578"}],"curies":[{"name":"wp","href":"https:\/\/api.w.org\/{rel}","templated":true}]}}