{"id":3575,"date":"2022-12-20T15:01:24","date_gmt":"2022-12-20T14:01:24","guid":{"rendered":"https:\/\/www.centre-mersenne.org\/tools-for-authors\/"},"modified":"2025-10-03T15:51:52","modified_gmt":"2025-10-03T13:51:52","slug":"tools-for-authors","status":"publish","type":"page","link":"https:\/\/www.centre-mersenne.org\/en\/tools-for-authors\/","title":{"rendered":"Tools for authors"},"content":{"rendered":"\t\t<div data-elementor-type=\"wp-page\" data-elementor-id=\"3575\" class=\"elementor elementor-3575 elementor-2837\" data-elementor-post-type=\"page\">\n\t\t\t\t\t\t<section class=\"elementor-section elementor-top-section elementor-element elementor-element-b9b5b9c elementor-section-boxed elementor-section-height-default elementor-section-height-default\" data-id=\"b9b5b9c\" data-element_type=\"section\" data-e-type=\"section\">\n\t\t\t\t\t\t<div class=\"elementor-container elementor-column-gap-default\">\n\t\t\t\t\t<div class=\"elementor-column elementor-col-100 elementor-top-column elementor-element elementor-element-d40fe94\" data-id=\"d40fe94\" data-element_type=\"column\" data-e-type=\"column\">\n\t\t\t<div class=\"elementor-widget-wrap elementor-element-populated\">\n\t\t\t\t\t\t<div class=\"elementor-element elementor-element-30aa823 elementor-widget elementor-widget-text-editor\" data-id=\"30aa823\" data-element_type=\"widget\" data-e-type=\"widget\" data-widget_type=\"text-editor.default\">\n\t\t\t\t<div class=\"elementor-widget-container\">\n\t\t\t\t\t\t\t\t\t<p>XInstallation LaTex for the publications of the centre Mersenne.<\/p>\t\t\t\t\t\t\t\t<\/div>\n\t\t\t\t<\/div>\n\t\t\t\t\t<\/div>\n\t\t<\/div>\n\t\t\t\t\t<\/div>\n\t\t<\/section>\n\t\t\t\t<section class=\"elementor-section elementor-top-section elementor-element elementor-element-e52d75d elementor-section-boxed elementor-section-height-default elementor-section-height-default\" data-id=\"e52d75d\" data-element_type=\"section\" data-e-type=\"section\" data-settings=\"{&quot;background_background&quot;:&quot;classic&quot;}\">\n\t\t\t\t\t\t<div class=\"elementor-container elementor-column-gap-default\">\n\t\t\t\t\t<div class=\"elementor-column elementor-col-100 elementor-top-column elementor-element elementor-element-d00f6c6\" data-id=\"d00f6c6\" data-element_type=\"column\" data-e-type=\"column\">\n\t\t\t<div class=\"elementor-widget-wrap elementor-element-populated\">\n\t\t\t\t\t\t<div class=\"elementor-element elementor-element-9f9fd2c elementor-widget elementor-widget-heading\" data-id=\"9f9fd2c\" data-element_type=\"widget\" data-e-type=\"widget\" data-widget_type=\"heading.default\">\n\t\t\t\t<div class=\"elementor-widget-container\">\n\t\t\t\t\t<h2 class=\"elementor-heading-title elementor-size-default\">Journals<\/h2>\t\t\t\t<\/div>\n\t\t\t\t<\/div>\n\t\t\t\t<div class=\"elementor-element elementor-element-5429d7b elementor-widget elementor-widget-text-editor\" data-id=\"5429d7b\" data-element_type=\"widget\" data-e-type=\"widget\" data-widget_type=\"text-editor.default\">\n\t\t\t\t<div class=\"elementor-widget-container\">\n\t\t\t\t\t\t\t\t\t<ul><li><a href=\"\/media\/texmf\/pack_author-alco.zip\">Algebraic Combinatorics<\/a><\/li><li><a href=\"\/media\/texmf\/pack_author-afst.zip\">Annales de la Facult\u00e9 des sciences de Toulouse : Math\u00e9matiques<\/a><\/li><li><a href=\"\/media\/texmf\/pack_author-aif.zip\">Annales de l&#8217;Institut Fourier<\/a><\/li><li><a href=\"\/media\/texmf\/pack_author-ahl.zip\">Annales Henri Lebesgue<\/a><\/li><li><a href=\"\/media\/texmf\/pack_author-ambp.zip\">Annales math\u00e9matiques Blaise Pascal<\/a><\/li><li><a href=\"\/media\/texmf\/pack_author-art.zip\">Annals of Representation Theory<\/a><\/li><li><a href=\"\/media\/texmf\/pack_author-crbiol.zip\">Comptes Rendus. Biologies<\/a><\/li><li><a href=\"\/media\/texmf\/pack_author-crchim.zip\">Comptes Rendus. Chimie<\/a><\/li><li><a href=\"\/media\/texmf\/pack_author-crgeos.zip\">Comptes Rendus. G\u00e9oscience<\/a><\/li><li><a href=\"\/media\/texmf\/pack_author-crmath.zip\">Comptes Rendus. Math\u00e9matique<\/a><\/li><li><a href=\"\/media\/texmf\/pack_author-crmeca.zip\">Comptes Rendus. M\u00e9canique<\/a><\/li><li><a href=\"\/media\/texmf\/pack_author-crphys.zip\">Comptes Rendus. Physique<\/a><\/li><li><a href=\"\/media\/texmf\/pack_author-cml.zip\">Confluentes Mathematici<\/a><\/li><li><a href=\"https:\/\/www.centre-mersenne.org\/media\/texmf\/pack_author-igt.zip\">Innovations in Graph Theory<\/a><\/li><li><a href=\"\/media\/texmf\/pack_author-jtnb.zip\">Journal de th\u00e9orie des nombres de Bordeaux<\/a><\/li><li><a href=\"\/media\/texmf\/pack_author-msia.zip\">MathematicS In Action<\/a><\/li><li><a href=\"\/media\/texmf\/pack_author-ojmo.zip\">Open Journal of Mathematical Optimization<\/a><\/li><li><a href=\"\/media\/texmf\/pack_author-pcj.zip\">Peer Community Journal<\/a><\/li><li><a href=\"\/media\/texmf\/pack_author-pmihes.zip\">Publications Math\u00e9matiques de l&#8217;IH\u00c9S<\/a><\/li><li><a href=\"\/media\/texmf\/pack_author-roia.zip\">Revue Ouverte d&#8217;Intelligence Artificielle<\/a><\/li><li><a href=\"\/media\/texmf\/pack_author-smai-jcm.zip\">SMAI Journal of Computational Mathematics<\/a><\/li><\/ul>\t\t\t\t\t\t\t\t<\/div>\n\t\t\t\t<\/div>\n\t\t\t\t\t<\/div>\n\t\t<\/div>\n\t\t\t\t\t<\/div>\n\t\t<\/section>\n\t\t\t\t<section class=\"elementor-section elementor-top-section elementor-element elementor-element-414a20d elementor-section-boxed elementor-section-height-default elementor-section-height-default\" data-id=\"414a20d\" data-element_type=\"section\" data-e-type=\"section\">\n\t\t\t\t\t\t<div class=\"elementor-container elementor-column-gap-default\">\n\t\t\t\t\t<div class=\"elementor-column elementor-col-100 elementor-top-column elementor-element elementor-element-b6b1630\" data-id=\"b6b1630\" data-element_type=\"column\" data-e-type=\"column\">\n\t\t\t<div class=\"elementor-widget-wrap elementor-element-populated\">\n\t\t\t\t\t\t<div class=\"elementor-element elementor-element-b20e27d elementor-widget elementor-widget-heading\" data-id=\"b20e27d\" data-element_type=\"widget\" data-e-type=\"widget\" data-widget_type=\"heading.default\">\n\t\t\t\t<div class=\"elementor-widget-container\">\n\t\t\t\t\t<h2 class=\"elementor-heading-title elementor-size-default\">Seminars<\/h2>\t\t\t\t<\/div>\n\t\t\t\t<\/div>\n\t\t\t\t<div class=\"elementor-element elementor-element-c31f85c elementor-widget elementor-widget-text-editor\" data-id=\"c31f85c\" data-element_type=\"widget\" data-e-type=\"widget\" data-widget_type=\"text-editor.default\">\n\t\t\t\t<div class=\"elementor-widget-container\">\n\t\t\t\t\t\t\t\t\t<ul><li><a href=\"\/media\/texmf\/pack_author-tsg.zip\">S\u00e9minaire de th\u00e9orie spectrale et g\u00e9om\u00e9trie<\/a><\/li><\/ul>\t\t\t\t\t\t\t\t<\/div>\n\t\t\t\t<\/div>\n\t\t\t\t\t<\/div>\n\t\t<\/div>\n\t\t\t\t\t<\/div>\n\t\t<\/section>\n\t\t\t\t<\/div>\n\t\t","protected":false},"excerpt":{"rendered":"<p>XInstallation LaTex for the publications of the centre Mersenne. Journals Algebraic Combinatorics Annales de la Facult\u00e9 des sciences de Toulouse : Math\u00e9matiques Annales de l&#8217;Institut Fourier Annales Henri Lebesgue Annales math\u00e9matiques Blaise Pascal Annals of Representation Theory Comptes Rendus. Biologies Comptes Rendus. Chimie Comptes Rendus. G\u00e9oscience Comptes Rendus. Math\u00e9matique Comptes Rendus. M\u00e9canique Comptes Rendus. Physique [&hellip;]<\/p>\n","protected":false},"author":3,"featured_media":0,"parent":0,"menu_order":0,"comment_status":"closed","ping_status":"closed","template":"","meta":{"_acf_changed":false,"_seopress_robots_primary_cat":"","_seopress_titles_title":"","_seopress_titles_desc":"","_seopress_robots_index":"","footnotes":""},"class_list":["post-3575","page","type-page","status-publish"],"acf":[],"_links":{"self":[{"href":"https:\/\/www.centre-mersenne.org\/en\/wp-json\/wp\/v2\/pages\/3575","targetHints":{"allow":["GET"]}}],"collection":[{"href":"https:\/\/www.centre-mersenne.org\/en\/wp-json\/wp\/v2\/pages"}],"about":[{"href":"https:\/\/www.centre-mersenne.org\/en\/wp-json\/wp\/v2\/types\/page"}],"author":[{"embeddable":true,"href":"https:\/\/www.centre-mersenne.org\/en\/wp-json\/wp\/v2\/users\/3"}],"replies":[{"embeddable":true,"href":"https:\/\/www.centre-mersenne.org\/en\/wp-json\/wp\/v2\/comments?post=3575"}],"version-history":[{"count":5,"href":"https:\/\/www.centre-mersenne.org\/en\/wp-json\/wp\/v2\/pages\/3575\/revisions"}],"predecessor-version":[{"id":6406,"href":"https:\/\/www.centre-mersenne.org\/en\/wp-json\/wp\/v2\/pages\/3575\/revisions\/6406"}],"wp:attachment":[{"href":"https:\/\/www.centre-mersenne.org\/en\/wp-json\/wp\/v2\/media?parent=3575"}],"curies":[{"name":"wp","href":"https:\/\/api.w.org\/{rel}","templated":true}]}}